{"id":59,"date":"2025-08-19T08:49:58","date_gmt":"2025-08-19T08:49:58","guid":{"rendered":"https:\/\/85md.fr\/lereseau\/?page_id=59"},"modified":"2025-08-19T08:57:26","modified_gmt":"2025-08-19T08:57:26","slug":"rejoindre-le-reseau","status":"publish","type":"page","link":"https:\/\/85md.fr\/lereseau\/rejoindre-le-reseau\/","title":{"rendered":"Rejoindre Le R\u00e9seau"},"content":{"rendered":"\t\t<div data-elementor-type=\"wp-post\" data-elementor-id=\"59\" class=\"elementor elementor-59\">\n\t\t\t\t<div class=\"elementor-element elementor-element-c1b32d9 e-flex e-con-boxed e-con e-parent\" data-id=\"c1b32d9\" data-element_type=\"container\" data-settings=\"{&quot;background_background&quot;:&quot;classic&quot;,&quot;jet_parallax_layout_list&quot;:[]}\">\n\t\t\t\t\t<div class=\"e-con-inner\">\n\t\t<div class=\"elementor-element elementor-element-8159985 e-con-full e-flex e-con e-child\" data-id=\"8159985\" data-element_type=\"container\" data-settings=\"{&quot;jet_parallax_layout_list&quot;:[]}\">\n\t\t\t\t<div class=\"elementor-element elementor-element-ec4e6f5 elementor-widget elementor-widget-heading\" data-id=\"ec4e6f5\" data-element_type=\"widget\" data-widget_type=\"heading.default\">\n\t\t\t\t\t<h2 class=\"elementor-heading-title elementor-size-default\">Rejoignez le Club Business Cara\u00efbe<\/h2>\t\t\t\t<\/div>\n\t\t\t\t<div class=\"elementor-element elementor-element-06dd063 elementor-widget elementor-widget-text-editor\" data-id=\"06dd063\" data-element_type=\"widget\" data-widget_type=\"text-editor.default\">\n\t\t\t\t\t\t\t\t\t<p>Remplissez ce formulaire pour b\u00e9n\u00e9ficier de mises en avant, d\u2019opportunit\u00e9s et d\u2019un r\u00e9seau d\u2019affaires actif. Inscription gratuite<\/p>\t\t\t\t\t\t\t\t<\/div>\n\t\t\t\t<\/div>\n\t\t<div class=\"elementor-element elementor-element-8f788e2 e-con-full e-flex e-con e-child\" data-id=\"8f788e2\" data-element_type=\"container\" data-settings=\"{&quot;background_background&quot;:&quot;classic&quot;,&quot;jet_parallax_layout_list&quot;:[]}\">\n\t\t\t\t<\/div>\n\t\t\t\t\t<\/div>\n\t\t\t\t<\/div>\n\t\t<div class=\"elementor-element elementor-element-e79f2c7 e-flex e-con-boxed e-con e-parent\" data-id=\"e79f2c7\" data-element_type=\"container\" data-settings=\"{&quot;background_background&quot;:&quot;classic&quot;,&quot;jet_parallax_layout_list&quot;:[]}\">\n\t\t\t\t\t<div class=\"e-con-inner\">\n\t\t\t\t<div class=\"elementor-element elementor-element-ae92f18 elementor-widget elementor-widget-jet-form-builder-form\" data-id=\"ae92f18\" data-element_type=\"widget\" data-widget_type=\"jet-form-builder-form.default\">\n\t\t\t\t<div class=\"elementor-widget-container\">\n\t\t\t\t\t<link rel='stylesheet' id='wp-block-library-css' href='https:\/\/85md.fr\/lereseau\/wp-includes\/css\/dist\/block-library\/style.min.css?ver=6.9.4' media='all' \/>\n<style id=\"jet-form-builder-44-inline-css\"><\/style><form  class=\"jet-form-builder layout-column submit-type-reload\" action=\"https:\/\/85md.fr\/lereseau\/wp-json\/wp\/v2\/pages\/59\/?rd2Smk=XGmfaSQRpo&amp;method=reload\" method=\"POST\" data-form-id=\"44\" data-layout=\"column\" enctype=\"multipart\/form-data\" novalidate=\"null\" ssr_validation_method=\"rest\"><input type=\"hidden\" id=\"_wpnonce\" name=\"_wpnonce\" value=\"a7557aed6a\" \/><input type=\"hidden\" name=\"_wp_http_referer\" value=\"\/lereseau\/wp-json\/wp\/v2\/pages\/59\" \/>\r\n<input type=\"hidden\" name=\"_jfb_current_render_states[]\" value=\"DEFAULT.STATE\" data-jfb-sync \/><input type=\"hidden\" class=\"jet-form-builder__field hidden-field\" name=\"_jet_engine_booking_form_id\" data-field-name=\"_jet_engine_booking_form_id\" value=\"44\">\n<input type=\"hidden\" class=\"jet-form-builder__field hidden-field\" name=\"_jet_engine_refer\" data-field-name=\"_jet_engine_refer\" value=\"https:\/\/85md.fr\/lereseau\/wp-json\/wp\/v2\/pages\/59\/\">\n<input type=\"hidden\" class=\"jet-form-builder__field hidden-field\" name=\"__queried_post_id\" data-field-name=\"__queried_post_id\" value=\"59\">\n<input type=\"hidden\" class=\"jet-form-builder__field hidden-field\" name=\"_user_journey\" data-field-name=\"_user_journey\">\n\n<input type=\"hidden\" class=\"jet-form-builder__field hidden-field\" name=\"post_id\" data-field-name=\"post_id\" data-jfb-sync=\"null\" value=\"59\">\n\n\n\n\n<div class=\"wp-block-columns is-layout-flex wp-container-core-columns-is-layout-28f84493 wp-block-columns-is-layout-flex\">\n<div class=\"wp-block-column is-layout-flow wp-block-column-is-layout-flow\"><div  class=\"jet-form-builder-row field-type-text-field\" >\n<div class=\"jet-form-builder__label\">\r\n<div class=\"jet-form-builder__label-text\">Pr\u00e9nom <span class=\"jet-form-builder__required\">*<\/span><\/div><\/div><div class=\"jet-form-builder__field-wrap\">\n\t\t\t\t<input required=\"required\" name=\"prenom\" id=\"prenom\" type=\"text\" data-field-name=\"prenom\" class=\"jet-form-builder__field text-field\" data-jfb-sync=\"null\" autocomplete=\"off_0mjquCdZ\">\n\t\t\t\t\t<\/div>\n<\/div><\/div>\n\n\n\n<div class=\"wp-block-column is-layout-flow wp-block-column-is-layout-flow\"><div  class=\"jet-form-builder-row field-type-text-field\" >\n<div class=\"jet-form-builder__label\">\r\n<div class=\"jet-form-builder__label-text\">Nom<\/div><\/div><div class=\"jet-form-builder__field-wrap\">\n\t\t\t\t<input name=\"Nom\" id=\"Nom\" type=\"text\" data-field-name=\"Nom\" class=\"jet-form-builder__field text-field\" data-jfb-sync=\"null\" autocomplete=\"off_HMpAVDxt\">\n\t\t\t\t\t<\/div>\n<\/div><\/div>\n<\/div>\n\n\n\n<div class=\"wp-block-columns is-layout-flex wp-container-core-columns-is-layout-28f84493 wp-block-columns-is-layout-flex\">\n<div class=\"wp-block-column is-layout-flow wp-block-column-is-layout-flow\"><div  class=\"jet-form-builder-row field-type-text-field\" >\n<div class=\"jet-form-builder__label\">\r\n<div class=\"jet-form-builder__label-text\">Email <span class=\"jet-form-builder__required\">*<\/span><\/div><\/div><div class=\"jet-form-builder__field-wrap\">\n\t\t\t\t<input required=\"required\" name=\"email\" id=\"email\" type=\"email\" data-field-name=\"email\" class=\"jet-form-builder__field text-field\" data-jfb-sync=\"null\" autocomplete=\"off_zbQAfd68\">\n\t\t\t\t\t<\/div>\n<\/div><\/div>\n\n\n\n<div class=\"wp-block-column is-layout-flow wp-block-column-is-layout-flow\"><div  class=\"jet-form-builder-row field-type-text-field\" >\n<div class=\"jet-form-builder__label\">\r\n<div class=\"jet-form-builder__label-text\">T\u00e9l\u00e9phone \/ WhatsApp<\/div><\/div><div class=\"jet-form-builder__field-wrap\">\n\t\t\t\t<input name=\"phone\" id=\"phone\" type=\"text\" data-field-name=\"phone\" class=\"jet-form-builder__field text-field\" data-jfb-sync=\"null\" autocomplete=\"off_9y3HsaAo\">\n\t\t\t\t\t<\/div>\n<\/div><\/div>\n<\/div>\n\n\n\n<div class=\"wp-block-columns is-layout-flex wp-container-core-columns-is-layout-28f84493 wp-block-columns-is-layout-flex\">\n<div class=\"wp-block-column is-layout-flow wp-block-column-is-layout-flow\"><div  class=\"jet-form-builder-row field-type-select-field wp-block-jet-forms-select-field\">\n<div class=\"jet-form-builder__label\">\r\n<div class=\"jet-form-builder__label-text\">Activit\u00e9 principale <span class=\"jet-form-builder__required\">*<\/span><\/div><\/div><div class=\"jet-form-builder__field-wrap\">\n\t<select class=\"jet-form-builder__field select-field\" required=\"required\" name=\"secteur\" data-field-name=\"secteur\" id=\"secteur\" data-jfb-sync=\"null\">\n\t\t<option value=\"Restauration\" >Restauration<\/option><option value=\"Tourisme\" >Tourisme<\/option><option value=\"Services\" >Services<\/option><option value=\"Artistique\" >Artistique<\/option><option value=\"Commerce\" >Commerce<\/option><option value=\"Ev\u00e9nementiel\" >Ev\u00e9nementiel<\/option><option value=\"Autre\" >Autre<\/option>\t<\/select>\n<\/div>\n<\/div>\n\n<div class=\"jet-form-builder__conditional \" data-jfb-conditional=\"[{&quot;operator&quot;:&quot;equal&quot;,&quot;value&quot;:&quot;Autre&quot;,&quot;field&quot;:&quot;secteur&quot;,&quot;use_preset&quot;:false}]\" data-jfb-func=\"show\">\n<div  class=\"jet-form-builder-row field-type-text-field\" >\n<div class=\"jet-form-builder__label\">\r\n<div class=\"jet-form-builder__label-text\">Votre secteur d'activit\u00e9 ?<\/div><\/div><div class=\"jet-form-builder__field-wrap\">\n\t\t\t\t<input name=\"autre-secteur\" id=\"autre-secteur\" type=\"text\" data-field-name=\"autre-secteur\" class=\"jet-form-builder__field text-field\" data-jfb-sync=\"null\" autocomplete=\"off_Ls5TMt3E\">\n\t\t\t\t\t<\/div>\n<\/div>\n<\/div><\/div>\n\n\n\n<div class=\"wp-block-column is-layout-flow wp-block-column-is-layout-flow\"><div  class=\"jet-form-builder-row field-type-select-field wp-block-jet-forms-select-field\">\n<div class=\"jet-form-builder__label\">\r\n<div class=\"jet-form-builder__label-text\">Localisation <span class=\"jet-form-builder__required\">*<\/span><\/div><\/div><div class=\"jet-form-builder__field-wrap\">\n\t<select class=\"jet-form-builder__field select-field\" required=\"required\" name=\"localisation\" data-field-name=\"localisation\" id=\"localisation\" data-jfb-sync=\"null\">\n\t\t<option value=\"Antillles\" >Antillles<\/option><option value=\"Guyane\" >Guyane<\/option><option value=\"France\" >France<\/option><option value=\"Autre\" >Autre<\/option>\t<\/select>\n<\/div>\n<\/div>\n\n<div class=\"jet-form-builder__conditional \" data-jfb-conditional=\"[{&quot;operator&quot;:&quot;equal&quot;,&quot;value&quot;:&quot;Autre&quot;,&quot;field&quot;:&quot;localisation&quot;,&quot;use_preset&quot;:false}]\" data-jfb-func=\"show\">\n<div  class=\"jet-form-builder-row field-type-text-field\" >\n<div class=\"jet-form-builder__label\">\r\n<div class=\"jet-form-builder__label-text\">Votre localisation ?<\/div><\/div><div class=\"jet-form-builder__field-wrap\">\n\t\t\t\t<input name=\"votre_localisation\" id=\"votre_localisation\" type=\"text\" data-field-name=\"votre_localisation\" class=\"jet-form-builder__field text-field\" data-jfb-sync=\"null\" autocomplete=\"off_2USFrNx6\">\n\t\t\t\t\t<\/div>\n<\/div>\n<\/div><\/div>\n<\/div>\n\n\n<div  class=\"jet-form-builder-row field-type-text-field\" >\n<div class=\"jet-form-builder__label\">\r\n<div class=\"jet-form-builder__label-text\">Site internet<\/div><\/div><div class=\"jet-form-builder__field-wrap\">\n\t\t\t\t<input name=\"site\" id=\"site\" type=\"url\" data-field-name=\"site\" class=\"jet-form-builder__field text-field\" data-jfb-sync=\"null\" autocomplete=\"off_ZBbeqvou\">\n\t\t\t\t\t<\/div>\n<\/div>\n\n\n<div class=\"wp-block-columns is-layout-flex wp-container-core-columns-is-layout-28f84493 wp-block-columns-is-layout-flex\">\n<div class=\"wp-block-column is-layout-flow wp-block-column-is-layout-flow\"><div  class=\"jet-form-builder-row field-type-text-field\" >\n<div class=\"jet-form-builder__label\">\r\n<div class=\"jet-form-builder__label-text\">linkedin<\/div><\/div><div class=\"jet-form-builder__field-wrap\">\n\t\t\t\t<input name=\"linkedin\" id=\"linkedin\" type=\"text\" data-field-name=\"linkedin\" class=\"jet-form-builder__field text-field\" data-jfb-sync=\"null\" autocomplete=\"off_yWcH5FGf\">\n\t\t\t\t\t<\/div>\n<\/div><\/div>\n\n\n\n<div class=\"wp-block-column is-layout-flow wp-block-column-is-layout-flow\"><div  class=\"jet-form-builder-row field-type-text-field\" >\n<div class=\"jet-form-builder__label\">\r\n<div class=\"jet-form-builder__label-text\">Instagram<\/div><\/div><div class=\"jet-form-builder__field-wrap\">\n\t\t\t\t<input name=\"instagram\" id=\"instagram\" type=\"text\" data-field-name=\"instagram\" class=\"jet-form-builder__field text-field\" data-jfb-sync=\"null\" autocomplete=\"off_1HTguXMw\">\n\t\t\t\t\t<\/div>\n<\/div><\/div>\n\n\n\n<div class=\"wp-block-column is-layout-flow wp-block-column-is-layout-flow\"><div  class=\"jet-form-builder-row field-type-text-field\" >\n<div class=\"jet-form-builder__label\">\r\n<div class=\"jet-form-builder__label-text\">Facebook<\/div><\/div><div class=\"jet-form-builder__field-wrap\">\n\t\t\t\t<input name=\"facebook\" id=\"facebook\" type=\"text\" data-field-name=\"facebook\" class=\"jet-form-builder__field text-field\" data-jfb-sync=\"null\" autocomplete=\"off_EfcyhOlT\">\n\t\t\t\t\t<\/div>\n<\/div><\/div>\n<\/div>\n\n\n<div  class=\"jet-form-builder-row field-type-checkbox-field\" >\n<div class=\"jet-form-builder__label\">\r\n<div class=\"jet-form-builder__label-text\">Objectif en rejoignant #LeReseau<\/div><\/div><div class=\"jet-form-builder__fields-group checkradio-wrap\" data-jfb-sync><div class=\"jet-form-builder__field-wrap checkboxes-wrap checkradio-wrap\"><label class=\"jet-form-builder__field-label for-checkbox\">\n<input type=\"checkbox\" name=\"objectif_en_rejoignant_lereseau[]\" value=\"clients\" data-field-name=\"objectif_en_rejoignant_lereseau\"  class=\"jet-form-builder__field checkboxes-field checkradio-field\"><span>Trouver des clients<\/span><\/label><\/div><div class=\"jet-form-builder__field-wrap checkboxes-wrap checkradio-wrap\"><label class=\"jet-form-builder__field-label for-checkbox\">\n<input type=\"checkbox\" name=\"objectif_en_rejoignant_lereseau[]\" value=\"visibilite\" data-field-name=\"objectif_en_rejoignant_lereseau\"  class=\"jet-form-builder__field checkboxes-field checkradio-field\"><span>Gagner en visibilit\u00e9<\/span><\/label><\/div><div class=\"jet-form-builder__field-wrap checkboxes-wrap checkradio-wrap\"><label class=\"jet-form-builder__field-label for-checkbox\">\n<input type=\"checkbox\" name=\"objectif_en_rejoignant_lereseau[]\" value=\"partenariat\" data-field-name=\"objectif_en_rejoignant_lereseau\"  class=\"jet-form-builder__field checkboxes-field checkradio-field\"><span>Nouer des partenariats<\/span><\/label><\/div><div class=\"jet-form-builder__field-wrap checkboxes-wrap checkradio-wrap\"><label class=\"jet-form-builder__field-label for-checkbox\">\n<input type=\"checkbox\" name=\"objectif_en_rejoignant_lereseau[]\" value=\"accompagnement\" data-field-name=\"objectif_en_rejoignant_lereseau\"  class=\"jet-form-builder__field checkboxes-field checkradio-field\"><span>Recevoir conseils \/ accompagnement<\/span><\/label><\/div><\/div>\n<\/div>\n\n<div  class=\"jet-form-builder-row field-type-checkbox-field\" >\n<div class=\"jet-form-builder__fields-group checkradio-wrap\" data-jfb-sync><div class=\"jet-form-builder__field-wrap checkboxes-wrap checkradio-wrap\"><label class=\"jet-form-builder__field-label for-checkbox\">\n<input type=\"checkbox\" name=\"rgpd\" value=\"ok-rgpd\" data-field-name=\"rgpd\"  class=\"jet-form-builder__field checkboxes-field checkradio-field\"><span>J\u2019accepte de recevoir des emails li\u00e9s \u00e0 #LeReseau. Mes donn\u00e9es ne seront pas partag\u00e9es.\u2028<\/span><\/label><\/div><\/div>\n<\/div>\n\n<div  class=\"jet-form-builder-row field-type-submit-field\" >\n\t<div data-type=\"submit\" class=\"jet-form-builder__action-button-wrapper jet-form-builder__submit-wrap\">\n\t<button class=\"jet-form-builder__action-button jet-form-builder__submit submit-type-reload\" type=\"submit\">Valider<\/button>\n\t<\/div>\n\t\n<\/div>\t<div class=\"jet-form-builder-messages-wrap\" data-form-id=\"44\"><\/div>\n<\/form>\n\t\t\t\t<\/div>\n\t\t\t\t<\/div>\n\t\t\t\t\t<\/div>\n\t\t\t\t<\/div>\n\t\t\t\t<\/div>\n\t\t","protected":false},"excerpt":{"rendered":"<p>Rejoignez le Club Business Cara\u00efbe Remplissez ce formulaire pour b\u00e9n\u00e9ficier de mises en avant, d\u2019opportunit\u00e9s et d\u2019un r\u00e9seau d\u2019affaires actif. Inscription gratuite Pr\u00e9nom * Nom Email * T\u00e9l\u00e9phone \/ WhatsApp Activit\u00e9 principale * RestaurationTourismeServicesArtistiqueCommerceEv\u00e9nementielAutre Votre secteur d&rsquo;activit\u00e9 ? Localisation * AntilllesGuyaneFranceAutre Votre localisation ? Site internet linkedin Instagram Facebook Objectif en rejoignant #LeReseau Trouver des [&hellip;]<\/p>\n","protected":false},"author":1,"featured_media":0,"parent":0,"menu_order":0,"comment_status":"closed","ping_status":"closed","template":"","meta":{"footnotes":""},"class_list":["post-59","page","type-page","status-publish","hentry"],"_links":{"self":[{"href":"https:\/\/85md.fr\/lereseau\/wp-json\/wp\/v2\/pages\/59","targetHints":{"allow":["GET"]}}],"collection":[{"href":"https:\/\/85md.fr\/lereseau\/wp-json\/wp\/v2\/pages"}],"about":[{"href":"https:\/\/85md.fr\/lereseau\/wp-json\/wp\/v2\/types\/page"}],"author":[{"embeddable":true,"href":"https:\/\/85md.fr\/lereseau\/wp-json\/wp\/v2\/users\/1"}],"replies":[{"embeddable":true,"href":"https:\/\/85md.fr\/lereseau\/wp-json\/wp\/v2\/comments?post=59"}],"version-history":[{"count":7,"href":"https:\/\/85md.fr\/lereseau\/wp-json\/wp\/v2\/pages\/59\/revisions"}],"predecessor-version":[{"id":66,"href":"https:\/\/85md.fr\/lereseau\/wp-json\/wp\/v2\/pages\/59\/revisions\/66"}],"wp:attachment":[{"href":"https:\/\/85md.fr\/lereseau\/wp-json\/wp\/v2\/media?parent=59"}],"curies":[{"name":"wp","href":"https:\/\/api.w.org\/{rel}","templated":true}]}}